{"id":598,"date":"2022-03-17T16:36:33","date_gmt":"2022-03-17T13:36:33","guid":{"rendered":"https:\/\/poda.com.tr\/?page_id=598"},"modified":"2022-06-30T01:37:12","modified_gmt":"2022-06-29T22:37:12","slug":"the-team","status":"publish","type":"page","link":"https:\/\/poda.com.tr\/en\/the-team\/","title":{"rendered":"The Team"},"content":{"rendered":"<section class=\"l-section wpb_row us_custom_2f58e7cb has_text_color height_small\"><div class=\"l-section-overlay\" style=\"background:#00305f\"><\/div><div class=\"l-section-h i-cf\"><div class=\"g-cols vc_row via_grid cols_1 laptops-cols_inherit tablets-cols_inherit mobiles-cols_1 valign_top type_default\"><div class=\"wpb_column vc_column_container\"><div class=\"vc_column-inner\"><div class=\"wpb_text_column us_custom_50f06bc1\"><div class=\"wpb_wrapper\"><p>The Team<\/p>\n<\/div><\/div><\/div><\/div><\/div><\/div><\/section><section class=\"l-section wpb_row us_custom_f37aca33 height_auto with_img\"><div class=\"l-section-img\" style=\"background-image: url(https:\/\/poda.com.tr\/wp-content\/uploads\/2022\/05\/background-scaled.jpg);background-position: center left;\" data-img-width=\"2560\" data-img-height=\"1707\"><\/div><div class=\"l-section-overlay\" style=\"background:rgba(0,48,95,0.48)\"><\/div><div class=\"l-section-h i-cf\"><div class=\"g-cols vc_row via_grid cols_5 laptops-cols_inherit tablets-cols_inherit mobiles-cols_1 valign_top type_default\" style=\"grid-gap:2rem;\"><div class=\"wpb_column vc_column_container ekip-box\"><div class=\"vc_column-inner\"><div class=\"w-image ekip-photo align_none\"><div class=\"w-image-h\"><img loading=\"lazy\" decoding=\"async\" width=\"390\" height=\"468\" src=\"https:\/\/poda.com.tr\/wp-content\/uploads\/2022\/03\/cemal-akar.png\" class=\"attachment-large size-large\" alt=\"\" \/><\/div><\/div><div class=\"wpb_text_column ekip-title\"><div class=\"wpb_wrapper\"><p>Cemal M. Akar<\/p>\n<\/div><\/div><div class=\"wpb_text_column ekip-content\"><div class=\"wpb_wrapper\"><p>Founder of Poda and several ventures. Entrepreneur and Manager who has has over 20 years of experience in the Business Services and Outsourcing Services Industry.<\/p>\n<\/div><\/div><\/div><\/div><div class=\"wpb_column vc_column_container ekip-box\"><div class=\"vc_column-inner\"><div class=\"w-image ekip-photo align_none\"><div class=\"w-image-h\"><img loading=\"lazy\" decoding=\"async\" width=\"328\" height=\"468\" src=\"https:\/\/poda.com.tr\/wp-content\/uploads\/2022\/03\/oguz-onel.png\" class=\"attachment-large size-large\" alt=\"\" \/><\/div><\/div><div class=\"wpb_text_column ekip-title\"><div class=\"wpb_wrapper\"><p>O\u011fuz \u00d6nel<\/p>\n<\/div><\/div><div class=\"wpb_text_column ekip-content\"><div class=\"wpb_wrapper\"><p>Leading a group of great professionals with diverse backgrounds, in order to deliver the best remote and flexible working experience possible for people; Poda working boots and it\u2019s platforms.<\/p>\n<\/div><\/div><\/div><\/div><div class=\"wpb_column vc_column_container ekip-box\"><div class=\"vc_column-inner\"><div class=\"w-image ekip-photo align_none\"><div class=\"w-image-h\"><img loading=\"lazy\" decoding=\"async\" width=\"390\" height=\"466\" src=\"https:\/\/poda.com.tr\/wp-content\/uploads\/2022\/03\/bugra-pamuksuzer.png\" class=\"attachment-large size-large\" alt=\"\" \/><\/div><\/div><div class=\"wpb_text_column ekip-title\"><div class=\"wpb_wrapper\"><p>Bu\u011fra Pamuks\u00fczer<\/p>\n<\/div><\/div><div class=\"wpb_text_column ekip-content\"><div class=\"wpb_wrapper\"><p>Next Gen Startup Builder, Investment Manager &amp; Serial-Entrepreneur.<br \/>\nTaking charge of Poda&#8217;s Marketing process.<\/p>\n<\/div><\/div><\/div><\/div><div class=\"wpb_column vc_column_container ekip-box\"><div class=\"vc_column-inner\"><div class=\"w-image ekip-photo align_none\"><div class=\"w-image-h\"><img loading=\"lazy\" decoding=\"async\" width=\"392\" height=\"460\" src=\"https:\/\/poda.com.tr\/wp-content\/uploads\/2022\/03\/murat-eriz.png\" class=\"attachment-large size-large\" alt=\"\" \/><\/div><\/div><div class=\"wpb_text_column ekip-title\"><div class=\"wpb_wrapper\"><p>Murat Eriz<\/p>\n<\/div><\/div><div class=\"wpb_text_column ekip-content\"><div class=\"wpb_wrapper\"><p>Financial executive with broad experience in all aspects of financial management, budgeting ,financial modelling and controlling. Manages the financial processes in the investor process of Poda.<\/p>\n<\/div><\/div><\/div><\/div><div class=\"wpb_column vc_column_container ekip-box\"><div class=\"vc_column-inner\"><div class=\"w-image ekip-photo align_none\"><div class=\"w-image-h\"><img loading=\"lazy\" decoding=\"async\" width=\"394\" height=\"482\" src=\"https:\/\/poda.com.tr\/wp-content\/uploads\/2022\/03\/oytun-tufekciler.png\" class=\"attachment-large size-large\" alt=\"\" \/><\/div><\/div><div class=\"wpb_text_column ekip-title\"><div class=\"wpb_wrapper\"><p>Oytun T\u00fcfek\u00e7iler<\/p>\n<\/div><\/div><div class=\"wpb_text_column ekip-content\"><div class=\"wpb_wrapper\"><p>Responsible for sales and B2C growth. Oversees Poda&#8217;s development activities in the field.<\/p>\n<\/div><\/div><\/div><\/div><div class=\"wpb_column vc_column_container ekip-box\"><div class=\"vc_column-inner\"><div class=\"w-image ekip-photo align_none\"><div class=\"w-image-h\"><img loading=\"lazy\" decoding=\"async\" width=\"390\" height=\"460\" src=\"https:\/\/poda.com.tr\/wp-content\/uploads\/2022\/03\/burcin-sozutok.png\" class=\"attachment-large size-large\" alt=\"\" \/><\/div><\/div><div class=\"wpb_text_column ekip-title\"><div class=\"wpb_wrapper\"><p>L. Bur\u00e7in S\u00f6z\u00fctok<\/p>\n<\/div><\/div><div class=\"wpb_text_column ekip-content\"><div class=\"wpb_wrapper\"><p>He undertook product development activities in Poda&#8217;s MVP process. He manages the Customer Experience development, Product Management and development activities.<\/p>\n<\/div><\/div><\/div><\/div><div class=\"wpb_column vc_column_container ekip-box\"><div class=\"vc_column-inner\"><div class=\"w-image ekip-photo align_none\"><div class=\"w-image-h\"><img loading=\"lazy\" decoding=\"async\" width=\"318\" height=\"472\" src=\"https:\/\/poda.com.tr\/wp-content\/uploads\/2022\/03\/emir-kutlu.png\" class=\"attachment-large size-large\" alt=\"\" \/><\/div><\/div><div class=\"wpb_text_column ekip-title\"><div class=\"wpb_wrapper\"><p>Emir Kutlu<\/p>\n<\/div><\/div><div class=\"wpb_text_column ekip-content\"><div class=\"wpb_wrapper\"><p>He takes a major role in the development process of Poda as a platform. manages the application Development activity.<\/p>\n<\/div><\/div><\/div><\/div><div class=\"wpb_column vc_column_container ekip-box\"><div class=\"vc_column-inner\"><div class=\"w-image ekip-photo align_none\"><div class=\"w-image-h\"><img loading=\"lazy\" decoding=\"async\" width=\"390\" height=\"464\" src=\"https:\/\/poda.com.tr\/wp-content\/uploads\/2022\/03\/ersin-unlubey.png\" class=\"attachment-large size-large\" alt=\"\" \/><\/div><\/div><div class=\"wpb_text_column ekip-title\"><div class=\"wpb_wrapper\"><p>Ersin \u00dcnl\u00fcbay<\/p>\n<\/div><\/div><div class=\"wpb_text_column ekip-content\"><div class=\"wpb_wrapper\"><p>He manages the process of developing Corporate Collaborations and creating new income opportunities in the development process of Poda.<\/p>\n<\/div><\/div><\/div><\/div><div class=\"wpb_column vc_column_container ekip-box\"><div class=\"vc_column-inner\"><div class=\"w-image ekip-photo align_none\"><div class=\"w-image-h\"><img loading=\"lazy\" decoding=\"async\" width=\"392\" height=\"470\" src=\"https:\/\/poda.com.tr\/wp-content\/uploads\/2022\/03\/izzet-ozgumus.png\" class=\"attachment-large size-large\" alt=\"\" \/><\/div><\/div><div class=\"wpb_text_column ekip-title\"><div class=\"wpb_wrapper\"><p>\u0130zzet \u00d6zg\u00fcm\u00fc\u015f<\/p>\n<\/div><\/div><div class=\"wpb_text_column ekip-content\"><div class=\"wpb_wrapper\"><p>While supporting Poda&#8217;s production activities, he plays an active role in increasing its share in the international market.<\/p>\n<\/div><\/div><\/div><\/div><\/div><\/div><\/section>\n","protected":false},"excerpt":{"rendered":"The Team Cemal M. Akar Founder of Poda and several ventures. Entrepreneur and Manager who has has over 20 years of experience in the Business Services and Outsourcing Services Industry. O\u011fuz \u00d6nel Leading a group of great professionals with diverse backgrounds, in order to deliver the best remote and flexible working experience possible for people;...","protected":false},"author":1,"featured_media":0,"parent":0,"menu_order":0,"comment_status":"closed","ping_status":"closed","template":"","meta":{"footnotes":""},"class_list":["post-598","page","type-page","status-publish","hentry"],"yoast_head":"<!-- This site is optimized with the Yoast SEO plugin v19.6 - https:\/\/yoast.com\/wordpress\/plugins\/seo\/ -->\n<title>The Team - PODA<\/title>\n<meta name=\"robots\" content=\"index, follow, max-snippet:-1, max-image-preview:large, max-video-preview:-1\" \/>\n<link rel=\"canonical\" href=\"https:\/\/poda.com.tr\/en\/the-team\/\" \/>\n<meta property=\"og:locale\" content=\"en_US\" \/>\n<meta property=\"og:type\" content=\"article\" \/>\n<meta property=\"og:title\" content=\"The Team - PODA\" \/>\n<meta property=\"og:url\" content=\"https:\/\/poda.com.tr\/en\/the-team\/\" \/>\n<meta property=\"og:site_name\" content=\"PODA\" \/>\n<meta property=\"article:modified_time\" content=\"2022-06-29T22:37:12+00:00\" \/>\n<meta name=\"twitter:card\" content=\"summary_large_image\" \/>\n<meta name=\"twitter:label1\" content=\"Est. reading time\" \/>\n\t<meta name=\"twitter:data1\" content=\"3 minutes\" \/>\n<script type=\"application\/ld+json\" class=\"yoast-schema-graph\">{\"@context\":\"https:\/\/schema.org\",\"@graph\":[{\"@type\":\"WebPage\",\"@id\":\"https:\/\/poda.com.tr\/en\/the-team\/\",\"url\":\"https:\/\/poda.com.tr\/en\/the-team\/\",\"name\":\"The Team - PODA\",\"isPartOf\":{\"@id\":\"https:\/\/poda.com.tr\/#website\"},\"datePublished\":\"2022-03-17T13:36:33+00:00\",\"dateModified\":\"2022-06-29T22:37:12+00:00\",\"breadcrumb\":{\"@id\":\"https:\/\/poda.com.tr\/en\/the-team\/#breadcrumb\"},\"inLanguage\":\"en-US\",\"potentialAction\":[{\"@type\":\"ReadAction\",\"target\":[\"https:\/\/poda.com.tr\/en\/the-team\/\"]}]},{\"@type\":\"BreadcrumbList\",\"@id\":\"https:\/\/poda.com.tr\/en\/the-team\/#breadcrumb\",\"itemListElement\":[{\"@type\":\"ListItem\",\"position\":1,\"name\":\"Anasayfa\",\"item\":\"https:\/\/poda.com.tr\/en\/\"},{\"@type\":\"ListItem\",\"position\":2,\"name\":\"The Team\"}]},{\"@type\":\"WebSite\",\"@id\":\"https:\/\/poda.com.tr\/#website\",\"url\":\"https:\/\/poda.com.tr\/\",\"name\":\"PODA\",\"description\":\"\",\"potentialAction\":[{\"@type\":\"SearchAction\",\"target\":{\"@type\":\"EntryPoint\",\"urlTemplate\":\"https:\/\/poda.com.tr\/?s={search_term_string}\"},\"query-input\":\"required name=search_term_string\"}],\"inLanguage\":\"en-US\"}]}<\/script>\n<!-- \/ Yoast SEO plugin. -->","yoast_head_json":{"title":"The Team - PODA","robots":{"index":"index","follow":"follow","max-snippet":"max-snippet:-1","max-image-preview":"max-image-preview:large","max-video-preview":"max-video-preview:-1"},"canonical":"https:\/\/poda.com.tr\/en\/the-team\/","og_locale":"en_US","og_type":"article","og_title":"The Team - PODA","og_url":"https:\/\/poda.com.tr\/en\/the-team\/","og_site_name":"PODA","article_modified_time":"2022-06-29T22:37:12+00:00","twitter_card":"summary_large_image","twitter_misc":{"Est. reading time":"3 minutes"},"schema":{"@context":"https:\/\/schema.org","@graph":[{"@type":"WebPage","@id":"https:\/\/poda.com.tr\/en\/the-team\/","url":"https:\/\/poda.com.tr\/en\/the-team\/","name":"The Team - PODA","isPartOf":{"@id":"https:\/\/poda.com.tr\/#website"},"datePublished":"2022-03-17T13:36:33+00:00","dateModified":"2022-06-29T22:37:12+00:00","breadcrumb":{"@id":"https:\/\/poda.com.tr\/en\/the-team\/#breadcrumb"},"inLanguage":"en-US","potentialAction":[{"@type":"ReadAction","target":["https:\/\/poda.com.tr\/en\/the-team\/"]}]},{"@type":"BreadcrumbList","@id":"https:\/\/poda.com.tr\/en\/the-team\/#breadcrumb","itemListElement":[{"@type":"ListItem","position":1,"name":"Anasayfa","item":"https:\/\/poda.com.tr\/en\/"},{"@type":"ListItem","position":2,"name":"The Team"}]},{"@type":"WebSite","@id":"https:\/\/poda.com.tr\/#website","url":"https:\/\/poda.com.tr\/","name":"PODA","description":"","potentialAction":[{"@type":"SearchAction","target":{"@type":"EntryPoint","urlTemplate":"https:\/\/poda.com.tr\/?s={search_term_string}"},"query-input":"required name=search_term_string"}],"inLanguage":"en-US"}]}},"_links":{"self":[{"href":"https:\/\/poda.com.tr\/en\/wp-json\/wp\/v2\/pages\/598","targetHints":{"allow":["GET"]}}],"collection":[{"href":"https:\/\/poda.com.tr\/en\/wp-json\/wp\/v2\/pages"}],"about":[{"href":"https:\/\/poda.com.tr\/en\/wp-json\/wp\/v2\/types\/page"}],"author":[{"embeddable":true,"href":"https:\/\/poda.com.tr\/en\/wp-json\/wp\/v2\/users\/1"}],"replies":[{"embeddable":true,"href":"https:\/\/poda.com.tr\/en\/wp-json\/wp\/v2\/comments?post=598"}],"version-history":[{"count":1,"href":"https:\/\/poda.com.tr\/en\/wp-json\/wp\/v2\/pages\/598\/revisions"}],"predecessor-version":[{"id":599,"href":"https:\/\/poda.com.tr\/en\/wp-json\/wp\/v2\/pages\/598\/revisions\/599"}],"wp:attachment":[{"href":"https:\/\/poda.com.tr\/en\/wp-json\/wp\/v2\/media?parent=598"}],"curies":[{"name":"wp","href":"https:\/\/api.w.org\/{rel}","templated":true}]}}