{"id":583,"date":"2022-02-18T00:33:30","date_gmt":"2022-02-17T21:33:30","guid":{"rendered":"https:\/\/poda.com.tr\/gizlilik-politikasi\/"},"modified":"2022-06-29T15:31:38","modified_gmt":"2022-06-29T12:31:38","slug":"non-disclosure-agreement","status":"publish","type":"page","link":"https:\/\/poda.com.tr\/en\/non-disclosure-agreement\/","title":{"rendered":"Non-Disclosure Agreement"},"content":{"rendered":"<section class=\"l-section wpb_row height_auto width_full\"><div class=\"l-section-h i-cf\"><div class=\"g-cols vc_row via_grid cols_1 laptops-cols_inherit tablets-cols_inherit mobiles-cols_1 valign_top type_default\"><div class=\"wpb_column vc_column_container\"><div class=\"vc_column-inner\"><style data-type=\"us_custom-css\">.ozel-font-3{width:fit-content;margin:0 auto}<\/style><section class=\"l-section wpb_row height_medium\"><div class=\"l-section-overlay\" style=\"background:#01b0d9\"><\/div><div class=\"l-section-h i-cf\"><div class=\"g-cols vc_row via_grid cols_1 laptops-cols_inherit tablets-cols_inherit mobiles-cols_1 valign_top type_default\"><div class=\"wpb_column vc_column_container\"><div class=\"vc_column-inner\"><h2 class=\"w-post-elm post_title us_custom_55a987a9 ozel-font-3 has_text_color align_center entry-title color_link_inherit\">Non-Disclosure Agreement<\/h2><\/div><\/div><\/div><\/div><\/section>\n<\/div><\/div><\/div><\/div><\/section><section class=\"l-section wpb_row height_medium\"><div class=\"l-section-h i-cf\"><div class=\"g-cols vc_row via_grid cols_1 laptops-cols_inherit tablets-cols_inherit mobiles-cols_1 valign_top type_default\"><div class=\"wpb_column vc_column_container\"><div class=\"vc_column-inner\"><div class=\"wpb_text_column us_custom_72d5d8ae\"><div class=\"wpb_wrapper\"><h2>NON-DISCLOSURE AGREEMENT<\/h2>\n<p>As PODA (\u201cPODA\u201d or \u201cCompany\u201d), which carries out its activities under the title of MAGNA VENTURES YAZILIM VE TEKNOLOJ\u0130 G\u0130R\u0130\u015e\u0130MLER\u0130 T\u0130CARET ANON\u0130M \u015e\u0130RKET\u0130\u201d, operating at Maslak Mah. Maslak Meydan Sk. Giz Plaza, A Blok, No: 1\/33 Sar\u0131yer\/Istanbul, we are highly sensitive about the security of your personal data. With this awareness, we attach great importance to the processing and preservation of personal data in accordance with the Law No. 6698 on the Protection of Personal Data (&#8220;Law&#8221;), the secondary regulations (regulations, communiqu\u00e9s, circulars) enacted and to be enacted under the Law, and the binding decisions taken and to be taken by the Personal Data Protection Board. With the full realization of this responsibility, we process your personal data as &#8220;Data Supervisor&#8221; as defined in the Law, as explained below and within the limits prescribed by the legislation.<\/p>\n<p><strong>1. Information Regarding the Data Supervisor<\/strong><\/p>\n<p>MAGNA VENTURES YAZILIM VE TEKNOLOJ\u0130 G\u0130R\u0130\u015e\u0130MLER\u0130 T\u0130CARET ANON\u0130M \u015e\u0130RKET\u0130, operating pursuant to law, at Maslak Mah. Maslak Meydan Sk. Giz Plaza, A Blok, No: 1\/33 Sar\u0131yer\/Istanbul, is a Data Supervisor.<\/p>\n<p><strong>2. Purposes of Processing Personal Data<\/strong><\/p>\n<p>Personal Data\u2019s, within the framework of the limits specified in the Law, are processed in accordance with the law, good faith and always in connection, limited and measured manner, by the company, for the purposes of;<br \/>\n\u2022 Conducting the sales of services transactions,<br \/>\n\u2022 Conducting of the support services after the sales of services,<br \/>\n\u2022 Conducting of Suggestions and Complaints reviews<br \/>\n\u2022 Informing members about campaigns and opportunities,<br \/>\n\u2022 Informing members about application updates and changes on the contract,<br \/>\n\u2022 Fulfilling the legal obligations,<br \/>\n\u2022 Being able to intervene in emergencies,<br \/>\n\u2022 Carrying out the regarding necessary controls to ensure security and service conditions,<br \/>\n\u2022 Improving the services,<br \/>\n\u2022 Carrying out promotional activities and activities for the satisfaction of members,<br \/>\n\u2022 Planning and realizing marketing processes of the service,<br \/>\n\u2022 Detecting fraudulent or illegal activities,<br \/>\n\u2022 Planning and realizing activities of support services,<br \/>\n\u2022 Following financial and\/or accounting transactions,<br \/>\n\u2022 Following legal affairs,<br \/>\n\u2022 Planning and\/or execution of activities to perform effectiveness\/efficiency and\/or relevance analysis of business activities,<br \/>\n\u2022 Planning and execution of business activities,<br \/>\n\u2022 Planning and execution of corporate communication activities,<br \/>\n\u2022 Planning and execution of manufacture and operation processes.<\/p>\n<p><strong>3. Transfer of the Personal Data<br \/>\n<\/strong><br \/>\nYour personal data, in accordance with the conditions specified in Article 8 of the Law, within the scope of the above-mentioned purposes and within the purposes of planning and execution of commercial and \/ or business strategies, carrying out the necessary work by our relevant business units for the realization of the commercial activities carried out by the Company and carrying out the related business processes, ensuring the legal, technical and commercial business security of the Company and the relevant persons who have a business relationship with the Company, are transferred to our shareholders, business partners, suppliers, other affiliates, judicial and administrative jurisdiction authorities, police units and other legally authorized public institutions and organizations, and only to the lawyer \/ lawyers authorized by the Company when necessary.<\/p>\n<p><strong>4. Methods and Legal Grounds for Collection of Personal Data<\/strong><\/p>\n<p>Your personal data is collected by automatic\/non-automatic means through the application, e-mail channels, and social media accounts that you allow the Company to access, electronically and\/or through the call center for the purposes mentioned above. In this context, the personal data such as name, surname, date of birth, telephone number, e-mail address location information, traffic information (IP address, log records) are processed based on the explicit consent of the related person, because it is mandatory for the data supervisor to fulfill its legal obligation pursuant to Article 5\/2-\u00e7 of the Law, it is mandatory to process personal data belonging to the contracting parties for the establishment or performance of a contract pursuant to Article 5\/2-c, provided that it does not harm fundamental rights and freedoms and for the legitimate interests of the Company pursuant to Article 5\/2-f, and pursuant to the legal ground and Article 5\/1.<\/p>\n<p><strong>5. Rights of Data Subjects under the Law<br \/>\n<\/strong><br \/>\nBy contacting the Company at any time you can;<br \/>\n\u2022 Learn whether your personal data is being processed,<br \/>\n\u2022 Request information if your personal data has been processed,<br \/>\n\u2022 Learn the purpose of processing your personal data and whether they are used in accordance with their purpose,<br \/>\n\u2022 Know the third parties to whom your personal data is transferred domestically or abroad,<br \/>\n\u2022 Correct your personal data in case of incomplete or incorrect processing.<\/p>\n<\/div><\/div><\/div><\/div><\/div><\/div><\/section>\n","protected":false},"excerpt":{"rendered":"Non-Disclosure Agreement NON-DISCLOSURE AGREEMENT As PODA (\u201cPODA\u201d or \u201cCompany\u201d), which carries out its activities under the title of MAGNA VENTURES YAZILIM VE TEKNOLOJ\u0130 G\u0130R\u0130\u015e\u0130MLER\u0130 T\u0130CARET ANON\u0130M \u015e\u0130RKET\u0130\u201d, operating at Maslak Mah. Maslak Meydan Sk. Giz Plaza, A Blok, No: 1\/33 Sar\u0131yer\/Istanbul, we are highly sensitive about the security of your personal data. With this awareness,...","protected":false},"author":1,"featured_media":0,"parent":0,"menu_order":0,"comment_status":"closed","ping_status":"open","template":"","meta":{"footnotes":""},"class_list":["post-583","page","type-page","status-publish","hentry"],"yoast_head":"<!-- This site is optimized with the Yoast SEO plugin v19.6 - https:\/\/yoast.com\/wordpress\/plugins\/seo\/ -->\n<title>Non-Disclosure Agreement - PODA<\/title>\n<meta name=\"robots\" content=\"index, follow, max-snippet:-1, max-image-preview:large, max-video-preview:-1\" \/>\n<link rel=\"canonical\" href=\"https:\/\/poda.com.tr\/en\/non-disclosure-agreement\/\" \/>\n<meta property=\"og:locale\" content=\"en_US\" \/>\n<meta property=\"og:type\" content=\"article\" \/>\n<meta property=\"og:title\" content=\"Non-Disclosure Agreement - PODA\" \/>\n<meta property=\"og:url\" content=\"https:\/\/poda.com.tr\/en\/non-disclosure-agreement\/\" \/>\n<meta property=\"og:site_name\" content=\"PODA\" \/>\n<meta property=\"article:modified_time\" content=\"2022-06-29T12:31:38+00:00\" \/>\n<meta name=\"twitter:card\" content=\"summary_large_image\" \/>\n<meta name=\"twitter:label1\" content=\"Est. reading time\" \/>\n\t<meta name=\"twitter:data1\" content=\"4 minutes\" \/>\n<script type=\"application\/ld+json\" class=\"yoast-schema-graph\">{\"@context\":\"https:\/\/schema.org\",\"@graph\":[{\"@type\":\"WebPage\",\"@id\":\"https:\/\/poda.com.tr\/en\/non-disclosure-agreement\/\",\"url\":\"https:\/\/poda.com.tr\/en\/non-disclosure-agreement\/\",\"name\":\"Non-Disclosure Agreement - PODA\",\"isPartOf\":{\"@id\":\"https:\/\/poda.com.tr\/#website\"},\"datePublished\":\"2022-02-17T21:33:30+00:00\",\"dateModified\":\"2022-06-29T12:31:38+00:00\",\"breadcrumb\":{\"@id\":\"https:\/\/poda.com.tr\/en\/non-disclosure-agreement\/#breadcrumb\"},\"inLanguage\":\"en-US\",\"potentialAction\":[{\"@type\":\"ReadAction\",\"target\":[\"https:\/\/poda.com.tr\/en\/non-disclosure-agreement\/\"]}]},{\"@type\":\"BreadcrumbList\",\"@id\":\"https:\/\/poda.com.tr\/en\/non-disclosure-agreement\/#breadcrumb\",\"itemListElement\":[{\"@type\":\"ListItem\",\"position\":1,\"name\":\"Anasayfa\",\"item\":\"https:\/\/poda.com.tr\/en\/\"},{\"@type\":\"ListItem\",\"position\":2,\"name\":\"Non-Disclosure Agreement\"}]},{\"@type\":\"WebSite\",\"@id\":\"https:\/\/poda.com.tr\/#website\",\"url\":\"https:\/\/poda.com.tr\/\",\"name\":\"PODA\",\"description\":\"\",\"potentialAction\":[{\"@type\":\"SearchAction\",\"target\":{\"@type\":\"EntryPoint\",\"urlTemplate\":\"https:\/\/poda.com.tr\/?s={search_term_string}\"},\"query-input\":\"required name=search_term_string\"}],\"inLanguage\":\"en-US\"}]}<\/script>\n<!-- \/ Yoast SEO plugin. -->","yoast_head_json":{"title":"Non-Disclosure Agreement - PODA","robots":{"index":"index","follow":"follow","max-snippet":"max-snippet:-1","max-image-preview":"max-image-preview:large","max-video-preview":"max-video-preview:-1"},"canonical":"https:\/\/poda.com.tr\/en\/non-disclosure-agreement\/","og_locale":"en_US","og_type":"article","og_title":"Non-Disclosure Agreement - PODA","og_url":"https:\/\/poda.com.tr\/en\/non-disclosure-agreement\/","og_site_name":"PODA","article_modified_time":"2022-06-29T12:31:38+00:00","twitter_card":"summary_large_image","twitter_misc":{"Est. reading time":"4 minutes"},"schema":{"@context":"https:\/\/schema.org","@graph":[{"@type":"WebPage","@id":"https:\/\/poda.com.tr\/en\/non-disclosure-agreement\/","url":"https:\/\/poda.com.tr\/en\/non-disclosure-agreement\/","name":"Non-Disclosure Agreement - PODA","isPartOf":{"@id":"https:\/\/poda.com.tr\/#website"},"datePublished":"2022-02-17T21:33:30+00:00","dateModified":"2022-06-29T12:31:38+00:00","breadcrumb":{"@id":"https:\/\/poda.com.tr\/en\/non-disclosure-agreement\/#breadcrumb"},"inLanguage":"en-US","potentialAction":[{"@type":"ReadAction","target":["https:\/\/poda.com.tr\/en\/non-disclosure-agreement\/"]}]},{"@type":"BreadcrumbList","@id":"https:\/\/poda.com.tr\/en\/non-disclosure-agreement\/#breadcrumb","itemListElement":[{"@type":"ListItem","position":1,"name":"Anasayfa","item":"https:\/\/poda.com.tr\/en\/"},{"@type":"ListItem","position":2,"name":"Non-Disclosure Agreement"}]},{"@type":"WebSite","@id":"https:\/\/poda.com.tr\/#website","url":"https:\/\/poda.com.tr\/","name":"PODA","description":"","potentialAction":[{"@type":"SearchAction","target":{"@type":"EntryPoint","urlTemplate":"https:\/\/poda.com.tr\/?s={search_term_string}"},"query-input":"required name=search_term_string"}],"inLanguage":"en-US"}]}},"_links":{"self":[{"href":"https:\/\/poda.com.tr\/en\/wp-json\/wp\/v2\/pages\/583","targetHints":{"allow":["GET"]}}],"collection":[{"href":"https:\/\/poda.com.tr\/en\/wp-json\/wp\/v2\/pages"}],"about":[{"href":"https:\/\/poda.com.tr\/en\/wp-json\/wp\/v2\/types\/page"}],"author":[{"embeddable":true,"href":"https:\/\/poda.com.tr\/en\/wp-json\/wp\/v2\/users\/1"}],"replies":[{"embeddable":true,"href":"https:\/\/poda.com.tr\/en\/wp-json\/wp\/v2\/comments?post=583"}],"version-history":[{"count":3,"href":"https:\/\/poda.com.tr\/en\/wp-json\/wp\/v2\/pages\/583\/revisions"}],"predecessor-version":[{"id":584,"href":"https:\/\/poda.com.tr\/en\/wp-json\/wp\/v2\/pages\/583\/revisions\/584"}],"wp:attachment":[{"href":"https:\/\/poda.com.tr\/en\/wp-json\/wp\/v2\/media?parent=583"}],"curies":[{"name":"wp","href":"https:\/\/api.w.org\/{rel}","templated":true}]}}